{"id":83,"date":"2024-01-14T14:50:11","date_gmt":"2024-01-14T14:50:11","guid":{"rendered":"https:\/\/orsm.ch\/?page_id=83"},"modified":"2025-02-09T20:20:56","modified_gmt":"2025-02-09T20:20:56","slug":"sie-mochten-uns-kontaktieren","status":"publish","type":"page","link":"https:\/\/orsm.ch\/?page_id=83","title":{"rendered":"Sie m\u00f6chten uns kontaktieren?"},"content":{"rendered":"\t\t<div data-elementor-type=\"wp-page\" data-elementor-id=\"83\" class=\"elementor elementor-83\">\n\t\t\t\t<div class=\"elementor-element elementor-element-31a45c35 e-flex e-con-boxed e-con e-parent\" data-id=\"31a45c35\" data-element_type=\"container\" data-e-type=\"container\">\n\t\t\t\t\t<div class=\"e-con-inner\">\n\t\t\t\t<div class=\"elementor-element elementor-element-133e693c elementor-widget elementor-widget-text-editor\" data-id=\"133e693c\" data-element_type=\"widget\" data-e-type=\"widget\" data-widget_type=\"text-editor.default\">\n\t\t\t\t<div class=\"elementor-widget-container\">\n\t\t\t\t\t\t\t\t\t\n<p>Sch\u00f6n, dass sie uns kontaktieren wollen? Wir freuen uns \u00fcber s\u00e4mtliche Komplimente, Neuigkeiten und nat\u00fcrlich auch auf eine unverbindliche Anfrage f\u00fcr einen musikalischen Einsatz f\u00fcr besondere Anl\u00e4sse!<\/p>\n\n\n\n<p>Schreiben sie uns doch eine E-Mail an <a href=\"mailto:info@orsm.ch\">info@orsm.ch<\/a> mit ihrem Anliegen und ihren Kontaktangaben und wir melden uns so rasch wie m\u00f6glich zur\u00fcck.<\/p>\n\n\n\n<p><\/p>\n\n\n\n<p><\/p>\n\n\n\n<figure class=\"wp-block-image size-large\"><img fetchpriority=\"high\" decoding=\"async\" width=\"768\" height=\"1024\" src=\"https:\/\/orsm.ch\/wp-content\/uploads\/2024\/01\/20190302_093502-768x1024.jpg\" alt=\"\" class=\"wp-image-65\" srcset=\"https:\/\/orsm.ch\/wp-content\/uploads\/2024\/01\/20190302_093502-768x1024.jpg 768w, https:\/\/orsm.ch\/wp-content\/uploads\/2024\/01\/20190302_093502-225x300.jpg 225w, https:\/\/orsm.ch\/wp-content\/uploads\/2024\/01\/20190302_093502-2000x2667.jpg 2000w, https:\/\/orsm.ch\/wp-content\/uploads\/2024\/01\/20190302_093502-scaled.jpg 1920w\" sizes=\"(max-width: 768px) 100vw, 768px\" \/><\/figure>\n\t\t\t\t\t\t\t\t<\/div>\n\t\t\t\t<\/div>\n\t\t\t\t\t<\/div>\n\t\t\t\t<\/div>\n\t\t\t\t<\/div>\n\t\t","protected":false},"excerpt":{"rendered":"<p>Sch\u00f6n, dass sie uns kontaktieren wollen? Wir freuen uns \u00fcber s\u00e4mtliche Komplimente, Neuigkeiten und nat\u00fcrlich auch auf eine unverbindliche Anfrage f\u00fcr einen musikalischen Einsatz f\u00fcr besondere Anl\u00e4sse! Schreiben sie uns doch eine E-Mail an info@orsm.ch mit ihrem Anliegen und ihren Kontaktangaben und wir melden uns so rasch wie m\u00f6glich zur\u00fcck.<\/p>\n","protected":false},"author":1,"featured_media":91,"parent":0,"menu_order":0,"comment_status":"open","ping_status":"closed","template":"","meta":{"inspiro_hide_title":false,"footnotes":""},"class_list":["post-83","page","type-page","status-publish","has-post-thumbnail","hentry"],"_links":{"self":[{"href":"https:\/\/orsm.ch\/index.php?rest_route=\/wp\/v2\/pages\/83","targetHints":{"allow":["GET"]}}],"collection":[{"href":"https:\/\/orsm.ch\/index.php?rest_route=\/wp\/v2\/pages"}],"about":[{"href":"https:\/\/orsm.ch\/index.php?rest_route=\/wp\/v2\/types\/page"}],"author":[{"embeddable":true,"href":"https:\/\/orsm.ch\/index.php?rest_route=\/wp\/v2\/users\/1"}],"replies":[{"embeddable":true,"href":"https:\/\/orsm.ch\/index.php?rest_route=%2Fwp%2Fv2%2Fcomments&post=83"}],"version-history":[{"count":11,"href":"https:\/\/orsm.ch\/index.php?rest_route=\/wp\/v2\/pages\/83\/revisions"}],"predecessor-version":[{"id":159,"href":"https:\/\/orsm.ch\/index.php?rest_route=\/wp\/v2\/pages\/83\/revisions\/159"}],"wp:featuredmedia":[{"embeddable":true,"href":"https:\/\/orsm.ch\/index.php?rest_route=\/wp\/v2\/media\/91"}],"wp:attachment":[{"href":"https:\/\/orsm.ch\/index.php?rest_route=%2Fwp%2Fv2%2Fmedia&parent=83"}],"curies":[{"name":"wp","href":"https:\/\/api.w.org\/{rel}","templated":true}]}}