{"id":73,"date":"2024-01-14T14:32:11","date_gmt":"2024-01-14T14:32:11","guid":{"rendered":"https:\/\/orsm.ch\/?page_id=73"},"modified":"2026-02-13T21:43:49","modified_gmt":"2026-02-13T21:43:49","slug":"welcome-orsm","status":"publish","type":"page","link":"https:\/\/orsm.ch\/?page_id=73","title":{"rendered":"Welcome @ ORSM"},"content":{"rendered":"\t\t<div data-elementor-type=\"wp-page\" data-elementor-id=\"73\" class=\"elementor elementor-73\">\n\t\t\t\t<div class=\"elementor-element elementor-element-4c97a17e e-flex e-con-boxed e-con e-parent\" data-id=\"4c97a17e\" data-element_type=\"container\" data-e-type=\"container\">\n\t\t\t\t\t<div class=\"e-con-inner\">\n\t\t\t\t<div class=\"elementor-element elementor-element-50f62056 elementor-widget elementor-widget-text-editor\" data-id=\"50f62056\" data-element_type=\"widget\" data-e-type=\"widget\" data-widget_type=\"text-editor.default\">\n\t\t\t\t<div class=\"elementor-widget-container\">\n\t\t\t\t\t\t\t\t\t\n<p>Sch\u00f6n, dass du uns online besuchst! Wir sind die ORSM \u2013 die ORIGINAL R\u00dc\u00dcDIG SAMSCHTIG MUSIG! Die ORSM ist eine fasn\u00e4chtliche Kleinformation, welche \u201causschliesslich\u201d f\u00fcr den r\u00fc\u00fcdigen Samschtig in Loz\u00e4rn zusammenkommt. Uns gibt es seit 1990! Damals sind wir als erste Kleinformation am r\u00fc\u00fcdigen Samschtig musizierend durch die leeren Gastst\u00e4tten von Loz\u00e4rn gepilgert. Zwischenzeitlich hat sich der r\u00fc\u00fcdig Samschtig zu einem der meistbesuchten Fasnachtstage in Loz\u00e4rn entwickelt und wir sind stolz darauf, ein Teil der Geburtsstunde zu sein und geniessen auch in unserem 36. Fasnachtsjahr unser volles Programm. Wir freuen uns darauf, dich am r\u00fc\u00fcdigen Samschtig, 14. Februar 2026 in den Gassen und Gastst\u00e4tten von Loz\u00e4rn anzutreffen. Unser Programm findest du unter Fasnacht 2026!<\/p>\n\n<figure class=\"wp-block-image size-full\"><img fetchpriority=\"high\" decoding=\"async\" width=\"512\" height=\"512\" class=\"wp-image-43\" src=\"https:\/\/orsm.ch\/wp-content\/uploads\/2023\/12\/cropped-1000058516-2.jpg\" alt=\"\" srcset=\"https:\/\/orsm.ch\/wp-content\/uploads\/2023\/12\/cropped-1000058516-2.jpg 512w, https:\/\/orsm.ch\/wp-content\/uploads\/2023\/12\/cropped-1000058516-2-300x300.jpg 300w, https:\/\/orsm.ch\/wp-content\/uploads\/2023\/12\/cropped-1000058516-2-150x150.jpg 150w, https:\/\/orsm.ch\/wp-content\/uploads\/2023\/12\/cropped-1000058516-2-270x270.jpg 270w, https:\/\/orsm.ch\/wp-content\/uploads\/2023\/12\/cropped-1000058516-2-192x192.jpg 192w, https:\/\/orsm.ch\/wp-content\/uploads\/2023\/12\/cropped-1000058516-2-180x180.jpg 180w, https:\/\/orsm.ch\/wp-content\/uploads\/2023\/12\/cropped-1000058516-2-32x32.jpg 32w\" sizes=\"(max-width: 512px) 100vw, 512px\" \/><\/figure>\n\n<p>\u00a0<\/p>\n\t\t\t\t\t\t\t\t<\/div>\n\t\t\t\t<\/div>\n\t\t\t\t\t<\/div>\n\t\t\t\t<\/div>\n\t\t\t\t<\/div>\n\t\t","protected":false},"excerpt":{"rendered":"<p>Sch\u00f6n, dass du uns online besuchst! Wir sind die ORSM \u2013 die ORIGINAL R\u00dc\u00dcDIG SAMSCHTIG MUSIG! Die ORSM ist eine fasn\u00e4chtliche Kleinformation, welche \u201causschliesslich\u201d f\u00fcr den r\u00fc\u00fcdigen Samschtig in Loz\u00e4rn zusammenkommt. Uns gibt es seit 1990! Damals sind wir als erste Kleinformation am r\u00fc\u00fcdigen Samschtig musizierend durch die leeren Gastst\u00e4tten von Loz\u00e4rn gepilgert. Zwischenzeitlich hat &hellip; <\/p>\n<p class=\"link-more\"><a href=\"https:\/\/orsm.ch\/?page_id=73\" class=\"more-link\">Read more<span class=\"screen-reader-text\"> &#8220;Welcome @ ORSM&#8221;<\/span><\/a><\/p>\n","protected":false},"author":1,"featured_media":72,"parent":0,"menu_order":0,"comment_status":"closed","ping_status":"closed","template":"","meta":{"inspiro_hide_title":false,"footnotes":""},"class_list":["post-73","page","type-page","status-publish","has-post-thumbnail","hentry"],"_links":{"self":[{"href":"https:\/\/orsm.ch\/index.php?rest_route=\/wp\/v2\/pages\/73","targetHints":{"allow":["GET"]}}],"collection":[{"href":"https:\/\/orsm.ch\/index.php?rest_route=\/wp\/v2\/pages"}],"about":[{"href":"https:\/\/orsm.ch\/index.php?rest_route=\/wp\/v2\/types\/page"}],"author":[{"embeddable":true,"href":"https:\/\/orsm.ch\/index.php?rest_route=\/wp\/v2\/users\/1"}],"replies":[{"embeddable":true,"href":"https:\/\/orsm.ch\/index.php?rest_route=%2Fwp%2Fv2%2Fcomments&post=73"}],"version-history":[{"count":8,"href":"https:\/\/orsm.ch\/index.php?rest_route=\/wp\/v2\/pages\/73\/revisions"}],"predecessor-version":[{"id":175,"href":"https:\/\/orsm.ch\/index.php?rest_route=\/wp\/v2\/pages\/73\/revisions\/175"}],"wp:featuredmedia":[{"embeddable":true,"href":"https:\/\/orsm.ch\/index.php?rest_route=\/wp\/v2\/media\/72"}],"wp:attachment":[{"href":"https:\/\/orsm.ch\/index.php?rest_route=%2Fwp%2Fv2%2Fmedia&parent=73"}],"curies":[{"name":"wp","href":"https:\/\/api.w.org\/{rel}","templated":true}]}}